{"id":560,"date":"2025-10-20T07:02:54","date_gmt":"2025-10-20T07:02:54","guid":{"rendered":"https:\/\/www.champagnepaulmaurice.fr\/?post_type=product&#038;p=560"},"modified":"2025-12-10T14:44:13","modified_gmt":"2025-12-10T14:44:13","slug":"champagne-les-sautours","status":"publish","type":"product","link":"https:\/\/www.champagnepaulmaurice.fr\/en\/product\/champagne-les-sautours\/","title":{"rendered":"Les Sautours"},"content":{"rendered":"<p><strong>PARCEL<\/strong><\/p>\n<p>\u00b7 Lieu-dit les Sautours in Connigis, vineyard of the Surmelin valley<\/p>\n<p>\u2022 Clay-limestone soil<\/p>\n<p>\u2022 Southwest exposure<\/p>\n<p>\u00b7 Old miller vines planted in 1973<\/p>\n<p>\u00b7 Grapes grown and vinified by Andr\u00e9a &amp; Baptiste<\/p>\n<p><strong>WINE<\/strong><\/p>\n<p>First single-parcel cuv\u00e9e of the estate<\/p>\n<p><strong>Blend<\/strong> 100% Meunier<\/p>\n<p>90% harvest 2023 and 10% harvest 2022<\/p>\n<p><strong>Dosage<\/strong> Brut Nature 0g\/L<\/p>\n<p>\u00b7 Aged in stainless steel tanks and oak barrels<\/p>\n<p>\u2022 Production of 3636 bottles in March 2024<\/p>\n<p>\u00b7 Disgorgement July 2025<\/p>\n<p><strong>TASTING<\/strong><\/p>\n<p>The golden robe is imbued with a fine effervescence. The expressive nose blends ripe summer fruits (plum, mirabelle, peach, apricot) with elegant pastry notes, enhanced by a subtle touch of oak and delicate spices. The palate, ample and luscious, is balanced by a lovely freshness and a long, elegant finish.<\/p>\n<p>Ideal as an aperitif, it also pairs beautifully with refined dishes such as turbot with champagne sauce or roast guinea fowl with mirabelles, as well as fruity desserts featuring apricot or peach.<\/p>","protected":false},"excerpt":{"rendered":"<p>LA PARCELLE \u00b7 Lieu-dit les Sautours \u00e0 Connigis, vignoble de la vall\u00e9e du Surmelin \u00b7 Sol Argilo-calcaire \u00b7 Exposition sud-ouest \u00b7 Vieilles vignes de meunier plant\u00e9es en 1973 \u00b7 Raisins cultiv\u00e9s et vinifi\u00e9s par Andr\u00e9a &amp; Baptiste LE VIN Premi\u00e8re cuv\u00e9e parcellaire du domaine ASSEMBLAGE 100% Meunier 90% de la vendange 2023 &amp; 10% de 2022 DOSAGE Brut Nature 0g\/L \u00b7 Elev\u00e9 en cuve inox &amp; f\u00fbt de ch\u00eane \u00b7 Tirage de 3636 bouteilles en mars 2024 \u00b7 D\u00e9gorgement Juillet 2025 D\u00c9GUSTATION La robe dor\u00e9e est travers\u00e9e par une fine effervescence. Le nez expressif m\u00eale fruits d\u2019\u00e9t\u00e9 m\u00fbrs (prune, mirabelle, p\u00eache, abricot) \u00e0 des notes p\u00e2tissi\u00e8res \u00e9l\u00e9gantes, relev\u00e9es d\u2019une touche bois\u00e9e subtile et d\u2019\u00e9pices fines. La bouche, ample et gourmande, s\u2019\u00e9quilibre par une belle fra\u00eecheur et une finale longue et \u00e9l\u00e9gante. Id\u00e9ale \u00e0 l\u2019ap\u00e9ritif, elle accompagne aussi bien des plats raffin\u00e9s comme un turbot sauce champagne ou une pintade aux mirabelles, qu\u2019un dessert fruit\u00e9 \u00e0 base d\u2019abricot ou de p\u00eache.<\/p>","protected":false},"featured_media":602,"template":"","meta":{"site-sidebar-layout":"default","site-content-layout":"","ast-site-content-layout":"default","site-content-style":"default","site-sidebar-style":"default","ast-global-header-display":"","ast-banner-title-visibility":"","ast-main-header-display":"","ast-hfb-above-header-display":"","ast-hfb-below-header-display":"","ast-hfb-mobile-header-display":"","site-post-title":"","ast-breadcrumbs-content":"","ast-featured-img":"","footer-sml-layout":"","ast-disable-related-posts":"","theme-transparent-header-meta":"default","adv-header-id-meta":"","stick-header-meta":"","header-above-stick-meta":"","header-main-stick-meta":"","header-below-stick-meta":"","astra-migrate-meta-layouts":"set","ast-page-background-enabled":"default","ast-page-background-meta":{"desktop":{"background-color":"var(--ast-global-color-5)","background-image":"","background-repeat":"repeat","background-position":"center center","background-size":"auto","background-attachment":"scroll","background-type":"","background-media":"","overlay-type":"","overlay-color":"","overlay-opacity":"","overlay-gradient":""},"tablet":{"background-color":"","background-image":"","background-repeat":"repeat","background-position":"center center","background-size":"auto","background-attachment":"scroll","background-type":"","background-media":"","overlay-type":"","overlay-color":"","overlay-opacity":"","overlay-gradient":""},"mobile":{"background-color":"","background-image":"","background-repeat":"repeat","background-position":"center center","background-size":"auto","background-attachment":"scroll","background-type":"","background-media":"","overlay-type":"","overlay-color":"","overlay-opacity":"","overlay-gradient":""}},"ast-content-background-meta":{"desktop":{"background-color":"var(--ast-global-color-4)","background-image":"","background-repeat":"repeat","background-position":"center center","background-size":"auto","background-attachment":"scroll","background-type":"","background-media":"","overlay-type":"","overlay-color":"","overlay-opacity":"","overlay-gradient":""},"tablet":{"background-color":"var(--ast-global-color-4)","background-image":"","background-repeat":"repeat","background-position":"center center","background-size":"auto","background-attachment":"scroll","background-type":"","background-media":"","overlay-type":"","overlay-color":"","overlay-opacity":"","overlay-gradient":""},"mobile":{"background-color":"var(--ast-global-color-4)","background-image":"","background-repeat":"repeat","background-position":"center center","background-size":"auto","background-attachment":"scroll","background-type":"","background-media":"","overlay-type":"","overlay-color":"","overlay-opacity":"","overlay-gradient":""}}},"product_brand":[],"product_cat":[22],"product_tag":[],"class_list":{"0":"post-560","1":"product","2":"type-product","3":"status-publish","4":"has-post-thumbnail","6":"product_cat-parcellaire","7":"desktop-align-center","8":"tablet-align-left","9":"mobile-align-left","11":"first","12":"instock","13":"featured","14":"shipping-taxable","15":"purchasable","16":"product-type-simple"},"yoast_head":"<!-- This site is optimized with the Yoast SEO plugin v27.5 - https:\/\/yoast.com\/product\/yoast-seo-wordpress\/ -->\n<title>Les Sautours - Champagne Paul Maurice<\/title>\n<meta name=\"description\" content=\"Ce champagne pur Meunier Brut Nature, premi\u00e8re cuv\u00e9e parcellaire du Domaine Paul Maurice, est \u00e9lev\u00e9 en cuve inox et en f\u00fbt de ch\u00eane.\" \/>\n<meta name=\"robots\" content=\"index, follow, max-snippet:-1, max-image-preview:large, max-video-preview:-1\" \/>\n<link rel=\"canonical\" href=\"https:\/\/www.champagnepaulmaurice.fr\/en\/product\/champagne-les-sautours\/\" \/>\n<meta property=\"og:locale\" content=\"en_GB\" \/>\n<meta property=\"og:type\" content=\"article\" \/>\n<meta property=\"og:title\" content=\"Les Sautours - Champagne Paul Maurice\" \/>\n<meta property=\"og:description\" content=\"Ce champagne pur Meunier Brut Nature, premi\u00e8re cuv\u00e9e parcellaire du Domaine Paul Maurice, est \u00e9lev\u00e9 en cuve inox et en f\u00fbt de ch\u00eane.\" \/>\n<meta property=\"og:url\" content=\"https:\/\/www.champagnepaulmaurice.fr\/en\/product\/champagne-les-sautours\/\" \/>\n<meta property=\"og:site_name\" content=\"Champagne Paul Maurice\" \/>\n<meta property=\"article:modified_time\" content=\"2025-12-10T14:44:13+00:00\" \/>\n<meta property=\"og:image\" content=\"https:\/\/www.champagnepaulmaurice.fr\/wp-content\/uploads\/2025\/10\/Champagne-Paul-Maurice-les-sautours.png\" \/>\n\t<meta property=\"og:image:width\" content=\"1200\" \/>\n\t<meta property=\"og:image:height\" content=\"1200\" \/>\n\t<meta property=\"og:image:type\" content=\"image\/png\" \/>\n<meta name=\"twitter:card\" content=\"summary_large_image\" \/>\n<meta name=\"twitter:label1\" content=\"Estimated reading time\" \/>\n\t<meta name=\"twitter:data1\" content=\"2 minutes\" \/>\n<script type=\"application\/ld+json\" class=\"yoast-schema-graph\">{\"@context\":\"https:\\\/\\\/schema.org\",\"@graph\":[{\"@type\":\"WebPage\",\"@id\":\"https:\\\/\\\/www.champagnepaulmaurice.fr\\\/produit\\\/champagne-les-sautours\\\/\",\"url\":\"https:\\\/\\\/www.champagnepaulmaurice.fr\\\/produit\\\/champagne-les-sautours\\\/\",\"name\":\"Les Sautours - Champagne Paul Maurice\",\"isPartOf\":{\"@id\":\"https:\\\/\\\/www.champagnepaulmaurice.fr\\\/#website\"},\"primaryImageOfPage\":{\"@id\":\"https:\\\/\\\/www.champagnepaulmaurice.fr\\\/produit\\\/champagne-les-sautours\\\/#primaryimage\"},\"image\":{\"@id\":\"https:\\\/\\\/www.champagnepaulmaurice.fr\\\/produit\\\/champagne-les-sautours\\\/#primaryimage\"},\"thumbnailUrl\":\"https:\\\/\\\/www.champagnepaulmaurice.fr\\\/wp-content\\\/uploads\\\/2025\\\/10\\\/Champagne-Paul-Maurice-les-sautours.png\",\"datePublished\":\"2025-10-20T07:02:54+00:00\",\"dateModified\":\"2025-12-10T14:44:13+00:00\",\"description\":\"Ce champagne pur Meunier Brut Nature, premi\u00e8re cuv\u00e9e parcellaire du Domaine Paul Maurice, est \u00e9lev\u00e9 en cuve inox et en f\u00fbt de ch\u00eane.\",\"breadcrumb\":{\"@id\":\"https:\\\/\\\/www.champagnepaulmaurice.fr\\\/produit\\\/champagne-les-sautours\\\/#breadcrumb\"},\"inLanguage\":\"en-GB\",\"potentialAction\":[{\"@type\":\"ReadAction\",\"target\":[\"https:\\\/\\\/www.champagnepaulmaurice.fr\\\/produit\\\/champagne-les-sautours\\\/\"]}]},{\"@type\":\"ImageObject\",\"inLanguage\":\"en-GB\",\"@id\":\"https:\\\/\\\/www.champagnepaulmaurice.fr\\\/produit\\\/champagne-les-sautours\\\/#primaryimage\",\"url\":\"https:\\\/\\\/www.champagnepaulmaurice.fr\\\/wp-content\\\/uploads\\\/2025\\\/10\\\/Champagne-Paul-Maurice-les-sautours.png\",\"contentUrl\":\"https:\\\/\\\/www.champagnepaulmaurice.fr\\\/wp-content\\\/uploads\\\/2025\\\/10\\\/Champagne-Paul-Maurice-les-sautours.png\",\"width\":1200,\"height\":1200,\"caption\":\"Champagne Les Sautours - Champagne Paul Maurice\"},{\"@type\":\"BreadcrumbList\",\"@id\":\"https:\\\/\\\/www.champagnepaulmaurice.fr\\\/produit\\\/champagne-les-sautours\\\/#breadcrumb\",\"itemListElement\":[{\"@type\":\"ListItem\",\"position\":1,\"name\":\"Accueil\",\"item\":\"https:\\\/\\\/www.champagnepaulmaurice.fr\\\/\"},{\"@type\":\"ListItem\",\"position\":2,\"name\":\"Produits\",\"item\":\"https:\\\/\\\/www.champagnepaulmaurice.fr\\\/boutique\\\/\"},{\"@type\":\"ListItem\",\"position\":3,\"name\":\"Les Sautours\"}]},{\"@type\":\"WebSite\",\"@id\":\"https:\\\/\\\/www.champagnepaulmaurice.fr\\\/#website\",\"url\":\"https:\\\/\\\/www.champagnepaulmaurice.fr\\\/\",\"name\":\"Champagne Paul Maurice\",\"description\":\"Dans la vall\u00e9e du Surmelin, Andr\u00e9a et Baptiste travaillent les terres de leurs anc\u00e8tres avec rigueur pour vous proposer un Champagne de caract\u00e8re.\",\"publisher\":{\"@id\":\"https:\\\/\\\/www.champagnepaulmaurice.fr\\\/#organization\"},\"potentialAction\":[{\"@type\":\"SearchAction\",\"target\":{\"@type\":\"EntryPoint\",\"urlTemplate\":\"https:\\\/\\\/www.champagnepaulmaurice.fr\\\/?s={search_term_string}\"},\"query-input\":{\"@type\":\"PropertyValueSpecification\",\"valueRequired\":true,\"valueName\":\"search_term_string\"}}],\"inLanguage\":\"en-GB\"},{\"@type\":\"Organization\",\"@id\":\"https:\\\/\\\/www.champagnepaulmaurice.fr\\\/#organization\",\"name\":\"Champagne Paul Maurice\",\"url\":\"https:\\\/\\\/www.champagnepaulmaurice.fr\\\/\",\"logo\":{\"@type\":\"ImageObject\",\"inLanguage\":\"en-GB\",\"@id\":\"https:\\\/\\\/www.champagnepaulmaurice.fr\\\/#\\\/schema\\\/logo\\\/image\\\/\",\"url\":\"https:\\\/\\\/www.champagnepaulmaurice.fr\\\/wp-content\\\/uploads\\\/2025\\\/04\\\/Logo-Paul-Maurice-champagne.png\",\"contentUrl\":\"https:\\\/\\\/www.champagnepaulmaurice.fr\\\/wp-content\\\/uploads\\\/2025\\\/04\\\/Logo-Paul-Maurice-champagne.png\",\"width\":823,\"height\":726,\"caption\":\"Champagne Paul Maurice\"},\"image\":{\"@id\":\"https:\\\/\\\/www.champagnepaulmaurice.fr\\\/#\\\/schema\\\/logo\\\/image\\\/\"}}]}<\/script>\n<!-- \/ Yoast SEO plugin. -->","yoast_head_json":{"title":"Les Sautours - Champagne Paul Maurice","description":"Ce champagne pur Meunier Brut Nature, premi\u00e8re cuv\u00e9e parcellaire du Domaine Paul Maurice, est \u00e9lev\u00e9 en cuve inox et en f\u00fbt de ch\u00eane.","robots":{"index":"index","follow":"follow","max-snippet":"max-snippet:-1","max-image-preview":"max-image-preview:large","max-video-preview":"max-video-preview:-1"},"canonical":"https:\/\/www.champagnepaulmaurice.fr\/en\/product\/champagne-les-sautours\/","og_locale":"en_GB","og_type":"article","og_title":"Les Sautours - Champagne Paul Maurice","og_description":"Ce champagne pur Meunier Brut Nature, premi\u00e8re cuv\u00e9e parcellaire du Domaine Paul Maurice, est \u00e9lev\u00e9 en cuve inox et en f\u00fbt de ch\u00eane.","og_url":"https:\/\/www.champagnepaulmaurice.fr\/en\/product\/champagne-les-sautours\/","og_site_name":"Champagne Paul Maurice","article_modified_time":"2025-12-10T14:44:13+00:00","og_image":[{"width":1200,"height":1200,"url":"https:\/\/www.champagnepaulmaurice.fr\/wp-content\/uploads\/2025\/10\/Champagne-Paul-Maurice-les-sautours.png","type":"image\/png"}],"twitter_card":"summary_large_image","twitter_misc":{"Estimated reading time":"2 minutes"},"schema":{"@context":"https:\/\/schema.org","@graph":[{"@type":"WebPage","@id":"https:\/\/www.champagnepaulmaurice.fr\/produit\/champagne-les-sautours\/","url":"https:\/\/www.champagnepaulmaurice.fr\/produit\/champagne-les-sautours\/","name":"Les Sautours - Champagne Paul Maurice","isPartOf":{"@id":"https:\/\/www.champagnepaulmaurice.fr\/#website"},"primaryImageOfPage":{"@id":"https:\/\/www.champagnepaulmaurice.fr\/produit\/champagne-les-sautours\/#primaryimage"},"image":{"@id":"https:\/\/www.champagnepaulmaurice.fr\/produit\/champagne-les-sautours\/#primaryimage"},"thumbnailUrl":"https:\/\/www.champagnepaulmaurice.fr\/wp-content\/uploads\/2025\/10\/Champagne-Paul-Maurice-les-sautours.png","datePublished":"2025-10-20T07:02:54+00:00","dateModified":"2025-12-10T14:44:13+00:00","description":"Ce champagne pur Meunier Brut Nature, premi\u00e8re cuv\u00e9e parcellaire du Domaine Paul Maurice, est \u00e9lev\u00e9 en cuve inox et en f\u00fbt de ch\u00eane.","breadcrumb":{"@id":"https:\/\/www.champagnepaulmaurice.fr\/produit\/champagne-les-sautours\/#breadcrumb"},"inLanguage":"en-GB","potentialAction":[{"@type":"ReadAction","target":["https:\/\/www.champagnepaulmaurice.fr\/produit\/champagne-les-sautours\/"]}]},{"@type":"ImageObject","inLanguage":"en-GB","@id":"https:\/\/www.champagnepaulmaurice.fr\/produit\/champagne-les-sautours\/#primaryimage","url":"https:\/\/www.champagnepaulmaurice.fr\/wp-content\/uploads\/2025\/10\/Champagne-Paul-Maurice-les-sautours.png","contentUrl":"https:\/\/www.champagnepaulmaurice.fr\/wp-content\/uploads\/2025\/10\/Champagne-Paul-Maurice-les-sautours.png","width":1200,"height":1200,"caption":"Champagne Les Sautours - Champagne Paul Maurice"},{"@type":"BreadcrumbList","@id":"https:\/\/www.champagnepaulmaurice.fr\/produit\/champagne-les-sautours\/#breadcrumb","itemListElement":[{"@type":"ListItem","position":1,"name":"Accueil","item":"https:\/\/www.champagnepaulmaurice.fr\/"},{"@type":"ListItem","position":2,"name":"Produits","item":"https:\/\/www.champagnepaulmaurice.fr\/boutique\/"},{"@type":"ListItem","position":3,"name":"Les Sautours"}]},{"@type":"WebSite","@id":"https:\/\/www.champagnepaulmaurice.fr\/#website","url":"https:\/\/www.champagnepaulmaurice.fr\/","name":"Champagne Paul Maurice","description":"Dans la vall\u00e9e du Surmelin, Andr\u00e9a et Baptiste travaillent les terres de leurs anc\u00e8tres avec rigueur pour vous proposer un Champagne de caract\u00e8re.","publisher":{"@id":"https:\/\/www.champagnepaulmaurice.fr\/#organization"},"potentialAction":[{"@type":"SearchAction","target":{"@type":"EntryPoint","urlTemplate":"https:\/\/www.champagnepaulmaurice.fr\/?s={search_term_string}"},"query-input":{"@type":"PropertyValueSpecification","valueRequired":true,"valueName":"search_term_string"}}],"inLanguage":"en-GB"},{"@type":"Organization","@id":"https:\/\/www.champagnepaulmaurice.fr\/#organization","name":"Champagne Paul Maurice","url":"https:\/\/www.champagnepaulmaurice.fr\/","logo":{"@type":"ImageObject","inLanguage":"en-GB","@id":"https:\/\/www.champagnepaulmaurice.fr\/#\/schema\/logo\/image\/","url":"https:\/\/www.champagnepaulmaurice.fr\/wp-content\/uploads\/2025\/04\/Logo-Paul-Maurice-champagne.png","contentUrl":"https:\/\/www.champagnepaulmaurice.fr\/wp-content\/uploads\/2025\/04\/Logo-Paul-Maurice-champagne.png","width":823,"height":726,"caption":"Champagne Paul Maurice"},"image":{"@id":"https:\/\/www.champagnepaulmaurice.fr\/#\/schema\/logo\/image\/"}}]}},"jetpack_sharing_enabled":true,"_links":{"self":[{"href":"https:\/\/www.champagnepaulmaurice.fr\/en\/wp-json\/wp\/v2\/product\/560","targetHints":{"allow":["GET"]}}],"collection":[{"href":"https:\/\/www.champagnepaulmaurice.fr\/en\/wp-json\/wp\/v2\/product"}],"about":[{"href":"https:\/\/www.champagnepaulmaurice.fr\/en\/wp-json\/wp\/v2\/types\/product"}],"wp:featuredmedia":[{"embeddable":true,"href":"https:\/\/www.champagnepaulmaurice.fr\/en\/wp-json\/wp\/v2\/media\/602"}],"wp:attachment":[{"href":"https:\/\/www.champagnepaulmaurice.fr\/en\/wp-json\/wp\/v2\/media?parent=560"}],"wp:term":[{"taxonomy":"product_brand","embeddable":true,"href":"https:\/\/www.champagnepaulmaurice.fr\/en\/wp-json\/wp\/v2\/product_brand?post=560"},{"taxonomy":"product_cat","embeddable":true,"href":"https:\/\/www.champagnepaulmaurice.fr\/en\/wp-json\/wp\/v2\/product_cat?post=560"},{"taxonomy":"product_tag","embeddable":true,"href":"https:\/\/www.champagnepaulmaurice.fr\/en\/wp-json\/wp\/v2\/product_tag?post=560"}],"curies":[{"name":"wp","href":"https:\/\/api.w.org\/{rel}","templated":true}]}}