{"id":566,"date":"2025-10-20T08:43:37","date_gmt":"2025-10-20T08:43:37","guid":{"rendered":"https:\/\/www.champagnepaulmaurice.fr\/?post_type=product&#038;p=566"},"modified":"2025-12-18T16:36:06","modified_gmt":"2025-12-18T16:36:06","slug":"champagne-rose","status":"publish","type":"product","link":"https:\/\/www.champagnepaulmaurice.fr\/en\/product\/champagne-rose\/","title":{"rendered":"Ros\u00e9"},"content":{"rendered":"<p><strong>Blend<\/strong><\/p>\n<p>39% Meunier<\/p>\n<p>28% Chardonnay<\/p>\n<p>33% Pinot Noir<\/p>\n<p>including 67% of reserve wine<\/p>\n<p>and 15% of red wine<\/p>\n<p><strong>TASTING<\/strong><\/p>\n<p>Nez expressif et accrocheur, sur des notes fruit\u00e9es \u00e9volutives allant de la groseille acidul\u00e9e \u00e0 la fraise g\u00e9n\u00e9reuse, jusqu&rsquo;\u00e0 la framboise.<\/p>\n<p>Sensation en bouche douce, croquante et g\u00e9n\u00e9reuse (cerise burlat, grenadine), avec une belle longueur fra\u00eeche renforc\u00e9e par un dosage adapt\u00e9 \u00e0 l&rsquo;expression du fruit.<\/p>","protected":false},"excerpt":{"rendered":"<p>ASSEMBLAGE 39% Meunier 28% Chardonnay 33% Pinot Noir dont 67% de vins de r\u00e9serve et 15% de rouge D\u00c9GUSTATION Nez expressif et accrocheur, sur des notes fruit\u00e9es \u00e9volutives allant de la groseille acidul\u00e9e \u00e0 la fraise g\u00e9n\u00e9reuse, jusqu&rsquo;\u00e0 la framboise. Sensation en bouche douce, croquante et g\u00e9n\u00e9reuse (cerise burlat, grenadine), avec une belle longueur fra\u00eeche renforc\u00e9e par un dosage adapt\u00e9 \u00e0 l&rsquo;expression du fruit.<\/p>","protected":false},"featured_media":606,"template":"","meta":{"site-sidebar-layout":"default","site-content-layout":"","ast-site-content-layout":"default","site-content-style":"default","site-sidebar-style":"default","ast-global-header-display":"","ast-banner-title-visibility":"","ast-main-header-display":"","ast-hfb-above-header-display":"","ast-hfb-below-header-display":"","ast-hfb-mobile-header-display":"","site-post-title":"","ast-breadcrumbs-content":"","ast-featured-img":"","footer-sml-layout":"","ast-disable-related-posts":"","theme-transparent-header-meta":"default","adv-header-id-meta":"","stick-header-meta":"","header-above-stick-meta":"","header-main-stick-meta":"","header-below-stick-meta":"","astra-migrate-meta-layouts":"set","ast-page-background-enabled":"default","ast-page-background-meta":{"desktop":{"background-color":"var(--ast-global-color-5)","background-image":"","background-repeat":"repeat","background-position":"center center","background-size":"auto","background-attachment":"scroll","background-type":"","background-media":"","overlay-type":"","overlay-color":"","overlay-opacity":"","overlay-gradient":""},"tablet":{"background-color":"","background-image":"","background-repeat":"repeat","background-position":"center center","background-size":"auto","background-attachment":"scroll","background-type":"","background-media":"","overlay-type":"","overlay-color":"","overlay-opacity":"","overlay-gradient":""},"mobile":{"background-color":"","background-image":"","background-repeat":"repeat","background-position":"center center","background-size":"auto","background-attachment":"scroll","background-type":"","background-media":"","overlay-type":"","overlay-color":"","overlay-opacity":"","overlay-gradient":""}},"ast-content-background-meta":{"desktop":{"background-color":"var(--ast-global-color-4)","background-image":"","background-repeat":"repeat","background-position":"center center","background-size":"auto","background-attachment":"scroll","background-type":"","background-media":"","overlay-type":"","overlay-color":"","overlay-opacity":"","overlay-gradient":""},"tablet":{"background-color":"var(--ast-global-color-4)","background-image":"","background-repeat":"repeat","background-position":"center center","background-size":"auto","background-attachment":"scroll","background-type":"","background-media":"","overlay-type":"","overlay-color":"","overlay-opacity":"","overlay-gradient":""},"mobile":{"background-color":"var(--ast-global-color-4)","background-image":"","background-repeat":"repeat","background-position":"center center","background-size":"auto","background-attachment":"scroll","background-type":"","background-media":"","overlay-type":"","overlay-color":"","overlay-opacity":"","overlay-gradient":""}}},"product_brand":[],"product_cat":[47],"product_tag":[],"class_list":{"0":"post-566","1":"product","2":"type-product","3":"status-publish","4":"has-post-thumbnail","6":"product_cat-rose","7":"desktop-align-center","8":"tablet-align-left","9":"mobile-align-left","11":"first","12":"instock","13":"shipping-taxable","14":"purchasable","15":"product-type-simple"},"yoast_head":"<!-- This site is optimized with the Yoast SEO plugin v27.5 - https:\/\/yoast.com\/product\/yoast-seo-wordpress\/ -->\n<title>Ros\u00e9 - Champagne Paul Maurice<\/title>\n<meta name=\"description\" content=\"Un Champagne Ros\u00e9 expressif aux ar\u00f4mes de groseille, fraise et framboise. Bouche croquante, g\u00e9n\u00e9reuse et fra\u00eeche, pour un plaisir tout en finesse.\" \/>\n<meta name=\"robots\" content=\"index, follow, max-snippet:-1, max-image-preview:large, max-video-preview:-1\" \/>\n<link rel=\"canonical\" href=\"https:\/\/www.champagnepaulmaurice.fr\/en\/product\/champagne-rose\/\" \/>\n<meta property=\"og:locale\" content=\"en_GB\" \/>\n<meta property=\"og:type\" content=\"article\" \/>\n<meta property=\"og:title\" content=\"Ros\u00e9 - Champagne Paul Maurice\" \/>\n<meta property=\"og:description\" content=\"Un Champagne Ros\u00e9 expressif aux ar\u00f4mes de groseille, fraise et framboise. Bouche croquante, g\u00e9n\u00e9reuse et fra\u00eeche, pour un plaisir tout en finesse.\" \/>\n<meta property=\"og:url\" content=\"https:\/\/www.champagnepaulmaurice.fr\/en\/product\/champagne-rose\/\" \/>\n<meta property=\"og:site_name\" content=\"Champagne Paul Maurice\" \/>\n<meta property=\"article:modified_time\" content=\"2025-12-18T16:36:06+00:00\" \/>\n<meta property=\"og:image\" content=\"https:\/\/www.champagnepaulmaurice.fr\/wp-content\/uploads\/2025\/10\/Champagne-Paul-Maurice-Rose.png\" \/>\n\t<meta property=\"og:image:width\" content=\"1200\" \/>\n\t<meta property=\"og:image:height\" content=\"1200\" \/>\n\t<meta property=\"og:image:type\" content=\"image\/png\" \/>\n<meta name=\"twitter:card\" content=\"summary_large_image\" \/>\n<meta name=\"twitter:label1\" content=\"Estimated reading time\" \/>\n\t<meta name=\"twitter:data1\" content=\"1 minute\" \/>\n<script type=\"application\/ld+json\" class=\"yoast-schema-graph\">{\"@context\":\"https:\\\/\\\/schema.org\",\"@graph\":[{\"@type\":\"WebPage\",\"@id\":\"https:\\\/\\\/www.champagnepaulmaurice.fr\\\/produit\\\/champagne-rose\\\/\",\"url\":\"https:\\\/\\\/www.champagnepaulmaurice.fr\\\/produit\\\/champagne-rose\\\/\",\"name\":\"Ros\u00e9 - Champagne Paul Maurice\",\"isPartOf\":{\"@id\":\"https:\\\/\\\/www.champagnepaulmaurice.fr\\\/#website\"},\"primaryImageOfPage\":{\"@id\":\"https:\\\/\\\/www.champagnepaulmaurice.fr\\\/produit\\\/champagne-rose\\\/#primaryimage\"},\"image\":{\"@id\":\"https:\\\/\\\/www.champagnepaulmaurice.fr\\\/produit\\\/champagne-rose\\\/#primaryimage\"},\"thumbnailUrl\":\"https:\\\/\\\/www.champagnepaulmaurice.fr\\\/wp-content\\\/uploads\\\/2025\\\/10\\\/Champagne-Paul-Maurice-Rose.png\",\"datePublished\":\"2025-10-20T08:43:37+00:00\",\"dateModified\":\"2025-12-18T16:36:06+00:00\",\"description\":\"Un Champagne Ros\u00e9 expressif aux ar\u00f4mes de groseille, fraise et framboise. Bouche croquante, g\u00e9n\u00e9reuse et fra\u00eeche, pour un plaisir tout en finesse.\",\"breadcrumb\":{\"@id\":\"https:\\\/\\\/www.champagnepaulmaurice.fr\\\/produit\\\/champagne-rose\\\/#breadcrumb\"},\"inLanguage\":\"en-GB\",\"potentialAction\":[{\"@type\":\"ReadAction\",\"target\":[\"https:\\\/\\\/www.champagnepaulmaurice.fr\\\/produit\\\/champagne-rose\\\/\"]}]},{\"@type\":\"ImageObject\",\"inLanguage\":\"en-GB\",\"@id\":\"https:\\\/\\\/www.champagnepaulmaurice.fr\\\/produit\\\/champagne-rose\\\/#primaryimage\",\"url\":\"https:\\\/\\\/www.champagnepaulmaurice.fr\\\/wp-content\\\/uploads\\\/2025\\\/10\\\/Champagne-Paul-Maurice-Rose.png\",\"contentUrl\":\"https:\\\/\\\/www.champagnepaulmaurice.fr\\\/wp-content\\\/uploads\\\/2025\\\/10\\\/Champagne-Paul-Maurice-Rose.png\",\"width\":1200,\"height\":1200,\"caption\":\"Champagne ros\u00e9 - Champagne Paul Maurice\"},{\"@type\":\"BreadcrumbList\",\"@id\":\"https:\\\/\\\/www.champagnepaulmaurice.fr\\\/produit\\\/champagne-rose\\\/#breadcrumb\",\"itemListElement\":[{\"@type\":\"ListItem\",\"position\":1,\"name\":\"Accueil\",\"item\":\"https:\\\/\\\/www.champagnepaulmaurice.fr\\\/\"},{\"@type\":\"ListItem\",\"position\":2,\"name\":\"Produits\",\"item\":\"https:\\\/\\\/www.champagnepaulmaurice.fr\\\/boutique\\\/\"},{\"@type\":\"ListItem\",\"position\":3,\"name\":\"Ros\u00e9\"}]},{\"@type\":\"WebSite\",\"@id\":\"https:\\\/\\\/www.champagnepaulmaurice.fr\\\/#website\",\"url\":\"https:\\\/\\\/www.champagnepaulmaurice.fr\\\/\",\"name\":\"Champagne Paul Maurice\",\"description\":\"Dans la vall\u00e9e du Surmelin, Andr\u00e9a et Baptiste travaillent les terres de leurs anc\u00e8tres avec rigueur pour vous proposer un Champagne de caract\u00e8re.\",\"publisher\":{\"@id\":\"https:\\\/\\\/www.champagnepaulmaurice.fr\\\/#organization\"},\"potentialAction\":[{\"@type\":\"SearchAction\",\"target\":{\"@type\":\"EntryPoint\",\"urlTemplate\":\"https:\\\/\\\/www.champagnepaulmaurice.fr\\\/?s={search_term_string}\"},\"query-input\":{\"@type\":\"PropertyValueSpecification\",\"valueRequired\":true,\"valueName\":\"search_term_string\"}}],\"inLanguage\":\"en-GB\"},{\"@type\":\"Organization\",\"@id\":\"https:\\\/\\\/www.champagnepaulmaurice.fr\\\/#organization\",\"name\":\"Champagne Paul Maurice\",\"url\":\"https:\\\/\\\/www.champagnepaulmaurice.fr\\\/\",\"logo\":{\"@type\":\"ImageObject\",\"inLanguage\":\"en-GB\",\"@id\":\"https:\\\/\\\/www.champagnepaulmaurice.fr\\\/#\\\/schema\\\/logo\\\/image\\\/\",\"url\":\"https:\\\/\\\/www.champagnepaulmaurice.fr\\\/wp-content\\\/uploads\\\/2025\\\/04\\\/Logo-Paul-Maurice-champagne.png\",\"contentUrl\":\"https:\\\/\\\/www.champagnepaulmaurice.fr\\\/wp-content\\\/uploads\\\/2025\\\/04\\\/Logo-Paul-Maurice-champagne.png\",\"width\":823,\"height\":726,\"caption\":\"Champagne Paul Maurice\"},\"image\":{\"@id\":\"https:\\\/\\\/www.champagnepaulmaurice.fr\\\/#\\\/schema\\\/logo\\\/image\\\/\"}}]}<\/script>\n<!-- \/ Yoast SEO plugin. -->","yoast_head_json":{"title":"Ros\u00e9 - Champagne Paul Maurice","description":"Un Champagne Ros\u00e9 expressif aux ar\u00f4mes de groseille, fraise et framboise. Bouche croquante, g\u00e9n\u00e9reuse et fra\u00eeche, pour un plaisir tout en finesse.","robots":{"index":"index","follow":"follow","max-snippet":"max-snippet:-1","max-image-preview":"max-image-preview:large","max-video-preview":"max-video-preview:-1"},"canonical":"https:\/\/www.champagnepaulmaurice.fr\/en\/product\/champagne-rose\/","og_locale":"en_GB","og_type":"article","og_title":"Ros\u00e9 - Champagne Paul Maurice","og_description":"Un Champagne Ros\u00e9 expressif aux ar\u00f4mes de groseille, fraise et framboise. Bouche croquante, g\u00e9n\u00e9reuse et fra\u00eeche, pour un plaisir tout en finesse.","og_url":"https:\/\/www.champagnepaulmaurice.fr\/en\/product\/champagne-rose\/","og_site_name":"Champagne Paul Maurice","article_modified_time":"2025-12-18T16:36:06+00:00","og_image":[{"width":1200,"height":1200,"url":"https:\/\/www.champagnepaulmaurice.fr\/wp-content\/uploads\/2025\/10\/Champagne-Paul-Maurice-Rose.png","type":"image\/png"}],"twitter_card":"summary_large_image","twitter_misc":{"Estimated reading time":"1 minute"},"schema":{"@context":"https:\/\/schema.org","@graph":[{"@type":"WebPage","@id":"https:\/\/www.champagnepaulmaurice.fr\/produit\/champagne-rose\/","url":"https:\/\/www.champagnepaulmaurice.fr\/produit\/champagne-rose\/","name":"Ros\u00e9 - Champagne Paul Maurice","isPartOf":{"@id":"https:\/\/www.champagnepaulmaurice.fr\/#website"},"primaryImageOfPage":{"@id":"https:\/\/www.champagnepaulmaurice.fr\/produit\/champagne-rose\/#primaryimage"},"image":{"@id":"https:\/\/www.champagnepaulmaurice.fr\/produit\/champagne-rose\/#primaryimage"},"thumbnailUrl":"https:\/\/www.champagnepaulmaurice.fr\/wp-content\/uploads\/2025\/10\/Champagne-Paul-Maurice-Rose.png","datePublished":"2025-10-20T08:43:37+00:00","dateModified":"2025-12-18T16:36:06+00:00","description":"Un Champagne Ros\u00e9 expressif aux ar\u00f4mes de groseille, fraise et framboise. Bouche croquante, g\u00e9n\u00e9reuse et fra\u00eeche, pour un plaisir tout en finesse.","breadcrumb":{"@id":"https:\/\/www.champagnepaulmaurice.fr\/produit\/champagne-rose\/#breadcrumb"},"inLanguage":"en-GB","potentialAction":[{"@type":"ReadAction","target":["https:\/\/www.champagnepaulmaurice.fr\/produit\/champagne-rose\/"]}]},{"@type":"ImageObject","inLanguage":"en-GB","@id":"https:\/\/www.champagnepaulmaurice.fr\/produit\/champagne-rose\/#primaryimage","url":"https:\/\/www.champagnepaulmaurice.fr\/wp-content\/uploads\/2025\/10\/Champagne-Paul-Maurice-Rose.png","contentUrl":"https:\/\/www.champagnepaulmaurice.fr\/wp-content\/uploads\/2025\/10\/Champagne-Paul-Maurice-Rose.png","width":1200,"height":1200,"caption":"Champagne ros\u00e9 - Champagne Paul Maurice"},{"@type":"BreadcrumbList","@id":"https:\/\/www.champagnepaulmaurice.fr\/produit\/champagne-rose\/#breadcrumb","itemListElement":[{"@type":"ListItem","position":1,"name":"Accueil","item":"https:\/\/www.champagnepaulmaurice.fr\/"},{"@type":"ListItem","position":2,"name":"Produits","item":"https:\/\/www.champagnepaulmaurice.fr\/boutique\/"},{"@type":"ListItem","position":3,"name":"Ros\u00e9"}]},{"@type":"WebSite","@id":"https:\/\/www.champagnepaulmaurice.fr\/#website","url":"https:\/\/www.champagnepaulmaurice.fr\/","name":"Champagne Paul Maurice","description":"Dans la vall\u00e9e du Surmelin, Andr\u00e9a et Baptiste travaillent les terres de leurs anc\u00e8tres avec rigueur pour vous proposer un Champagne de caract\u00e8re.","publisher":{"@id":"https:\/\/www.champagnepaulmaurice.fr\/#organization"},"potentialAction":[{"@type":"SearchAction","target":{"@type":"EntryPoint","urlTemplate":"https:\/\/www.champagnepaulmaurice.fr\/?s={search_term_string}"},"query-input":{"@type":"PropertyValueSpecification","valueRequired":true,"valueName":"search_term_string"}}],"inLanguage":"en-GB"},{"@type":"Organization","@id":"https:\/\/www.champagnepaulmaurice.fr\/#organization","name":"Champagne Paul Maurice","url":"https:\/\/www.champagnepaulmaurice.fr\/","logo":{"@type":"ImageObject","inLanguage":"en-GB","@id":"https:\/\/www.champagnepaulmaurice.fr\/#\/schema\/logo\/image\/","url":"https:\/\/www.champagnepaulmaurice.fr\/wp-content\/uploads\/2025\/04\/Logo-Paul-Maurice-champagne.png","contentUrl":"https:\/\/www.champagnepaulmaurice.fr\/wp-content\/uploads\/2025\/04\/Logo-Paul-Maurice-champagne.png","width":823,"height":726,"caption":"Champagne Paul Maurice"},"image":{"@id":"https:\/\/www.champagnepaulmaurice.fr\/#\/schema\/logo\/image\/"}}]}},"jetpack_sharing_enabled":true,"_links":{"self":[{"href":"https:\/\/www.champagnepaulmaurice.fr\/en\/wp-json\/wp\/v2\/product\/566","targetHints":{"allow":["GET"]}}],"collection":[{"href":"https:\/\/www.champagnepaulmaurice.fr\/en\/wp-json\/wp\/v2\/product"}],"about":[{"href":"https:\/\/www.champagnepaulmaurice.fr\/en\/wp-json\/wp\/v2\/types\/product"}],"wp:featuredmedia":[{"embeddable":true,"href":"https:\/\/www.champagnepaulmaurice.fr\/en\/wp-json\/wp\/v2\/media\/606"}],"wp:attachment":[{"href":"https:\/\/www.champagnepaulmaurice.fr\/en\/wp-json\/wp\/v2\/media?parent=566"}],"wp:term":[{"taxonomy":"product_brand","embeddable":true,"href":"https:\/\/www.champagnepaulmaurice.fr\/en\/wp-json\/wp\/v2\/product_brand?post=566"},{"taxonomy":"product_cat","embeddable":true,"href":"https:\/\/www.champagnepaulmaurice.fr\/en\/wp-json\/wp\/v2\/product_cat?post=566"},{"taxonomy":"product_tag","embeddable":true,"href":"https:\/\/www.champagnepaulmaurice.fr\/en\/wp-json\/wp\/v2\/product_tag?post=566"}],"curies":[{"name":"wp","href":"https:\/\/api.w.org\/{rel}","templated":true}]}}