{"id":568,"date":"2025-10-20T08:51:34","date_gmt":"2025-10-20T08:51:34","guid":{"rendered":"https:\/\/www.champagnepaulmaurice.fr\/?post_type=product&#038;p=568"},"modified":"2025-12-18T16:35:50","modified_gmt":"2025-12-18T16:35:50","slug":"champagne-millesime-2020","status":"publish","type":"product","link":"https:\/\/www.champagnepaulmaurice.fr\/en\/product\/champagne-millesime-2020\/","title":{"rendered":"Mill\u00e9sime 2020"},"content":{"rendered":"<p><strong>Blend<\/strong><\/p>\n<p>72% Meunier<\/p>\n<p>28% Chardonnay<\/p>\n<p><strong>TASTING<\/strong><\/p>\n<p>Teinte or rose, aux reflets cristallins. Premier nez frais et d\u00e9licat, s&rsquo;ouvrant apr\u00e8s<br \/>\nquelques instants sur des notes de fruits blancs enrob\u00e9s d&rsquo;\u00e9corce d&rsquo;orange. Toucher de bouche l\u00e9ger, au fruit\u00e9 lin\u00e9aire en attente du charnu en devenir. Un vin encore jeune, soutenu par une belle fra\u00eecheur persistante et une tension min\u00e9rale juv\u00e9nile.<\/p>\n<p><strong>THE YEAR<\/strong><\/p>\n<p>2020 fut pr\u00e9coce, chaud et sec, mais serein en termes de maladies et ravageurs. Apr\u00e8s un hiver doux et tr\u00e8s humide, le d\u00e9bourrement arrive avec 2 semaines d&rsquo;avance. \u00c0 la mi-mars commence une p\u00e9riode bien plus s\u00e8che, qui durera jusque septembre ! Les temp\u00e9ratures quasi estivales boostent la vigne : la floraison est rapide et tr\u00e8s en avance.<\/p>\n<p>Quelques pluies \u00e9parses en avril et juin permettent de relever le potentiel hydrique du sol. Ao\u00fbt encha\u00eene, avec des temp\u00e9ratures caniculaires. Les raisins sont tr\u00e8s sains. En bref, une r\u00e9colte pr\u00e9coce, rapide, et de qualit\u00e9 !<\/p>","protected":false},"excerpt":{"rendered":"<p>ASSEMBLAGE 72% Meunier 28% Chardonnay D\u00c9GUSTATION Teinte or rose, aux reflets cristallins. Premier nez frais et d\u00e9licat, s&rsquo;ouvrant apr\u00e8s quelques instants sur des notes de fruits blancs enrob\u00e9s d&rsquo;\u00e9corce d&rsquo;orange. Toucher de bouche l\u00e9ger, au fruit\u00e9 lin\u00e9aire en attente du charnu en devenir. Un vin encore jeune, soutenu par une belle fra\u00eecheur persistante et une tension min\u00e9rale juv\u00e9nile. ANN\u00c9E CULTURALE 2020 fut pr\u00e9coce, chaud et sec, mais serein en termes de maladies et ravageurs. Apr\u00e8s un hiver doux et tr\u00e8s humide, le d\u00e9bourrement arrive avec 2 semaines d&rsquo;avance. \u00c0 la mi-mars commence une p\u00e9riode bien plus s\u00e8che, qui durera jusque septembre ! Les temp\u00e9ratures quasi estivales boostent la vigne : la floraison est rapide et tr\u00e8s en avance. Quelques pluies \u00e9parses en avril et juin permettent de relever le potentiel hydrique du sol. Ao\u00fbt encha\u00eene, avec des temp\u00e9ratures caniculaires. Les raisins sont tr\u00e8s sains. En bref, une r\u00e9colte pr\u00e9coce, rapide, et de qualit\u00e9 !<\/p>","protected":false},"featured_media":604,"template":"","meta":{"site-sidebar-layout":"right-sidebar","site-content-layout":"","ast-site-content-layout":"normal-width-container","site-content-style":"unboxed","site-sidebar-style":"unboxed","ast-global-header-display":"","ast-banner-title-visibility":"","ast-main-header-display":"","ast-hfb-above-header-display":"","ast-hfb-below-header-display":"","ast-hfb-mobile-header-display":"","site-post-title":"disabled","ast-breadcrumbs-content":"disabled","ast-featured-img":"disabled","footer-sml-layout":"disabled","ast-disable-related-posts":"","theme-transparent-header-meta":"enabled","adv-header-id-meta":"","stick-header-meta":"","header-above-stick-meta":"","header-main-stick-meta":"","header-below-stick-meta":"","astra-migrate-meta-layouts":"set","ast-page-background-enabled":"default","ast-page-background-meta":{"desktop":{"background-color":"var(--ast-global-color-5)","background-image":"","background-repeat":"repeat","background-position":"center center","background-size":"auto","background-attachment":"scroll","background-type":"","background-media":"","overlay-type":"","overlay-color":"","overlay-opacity":"","overlay-gradient":""},"tablet":{"background-color":"","background-image":"","background-repeat":"repeat","background-position":"center center","background-size":"auto","background-attachment":"scroll","background-type":"","background-media":"","overlay-type":"","overlay-color":"","overlay-opacity":"","overlay-gradient":""},"mobile":{"background-color":"","background-image":"","background-repeat":"repeat","background-position":"center center","background-size":"auto","background-attachment":"scroll","background-type":"","background-media":"","overlay-type":"","overlay-color":"","overlay-opacity":"","overlay-gradient":""}},"ast-content-background-meta":{"desktop":{"background-color":"var(--ast-global-color-4)","background-image":"","background-repeat":"repeat","background-position":"center center","background-size":"auto","background-attachment":"scroll","background-type":"","background-media":"","overlay-type":"","overlay-color":"","overlay-opacity":"","overlay-gradient":""},"tablet":{"background-color":"var(--ast-global-color-4)","background-image":"","background-repeat":"repeat","background-position":"center center","background-size":"auto","background-attachment":"scroll","background-type":"","background-media":"","overlay-type":"","overlay-color":"","overlay-opacity":"","overlay-gradient":""},"mobile":{"background-color":"var(--ast-global-color-4)","background-image":"","background-repeat":"repeat","background-position":"center center","background-size":"auto","background-attachment":"scroll","background-type":"","background-media":"","overlay-type":"","overlay-color":"","overlay-opacity":"","overlay-gradient":""}}},"product_brand":[],"product_cat":[21],"product_tag":[],"class_list":{"0":"post-568","1":"product","2":"type-product","3":"status-publish","4":"has-post-thumbnail","6":"product_cat-millesime","7":"desktop-align-center","8":"tablet-align-left","9":"mobile-align-left","11":"first","12":"instock","13":"shipping-taxable","14":"purchasable","15":"product-type-simple"},"yoast_head":"<!-- This site is optimized with the Yoast SEO plugin v27.5 - https:\/\/yoast.com\/product\/yoast-seo-wordpress\/ -->\n<title>Mill\u00e9sime 2020 - Champagne Paul Maurice<\/title>\n<meta name=\"description\" content=\"Champagne Mill\u00e9sime 2020, n\u00e9 d\u2019une ann\u00e9e pr\u00e9coce et ensoleill\u00e9e. Un vin \u00e9quilibr\u00e9, frais et pr\u00e9cis, port\u00e9 par des notes de fruits blancs et une belle min\u00e9ralit\u00e9.\" \/>\n<meta name=\"robots\" content=\"index, follow, max-snippet:-1, max-image-preview:large, max-video-preview:-1\" \/>\n<link rel=\"canonical\" href=\"https:\/\/www.champagnepaulmaurice.fr\/en\/product\/champagne-millesime-2020\/\" \/>\n<meta property=\"og:locale\" content=\"en_GB\" \/>\n<meta property=\"og:type\" content=\"article\" \/>\n<meta property=\"og:title\" content=\"Mill\u00e9sime 2020 - Champagne Paul Maurice\" \/>\n<meta property=\"og:description\" content=\"Champagne Mill\u00e9sime 2020, n\u00e9 d\u2019une ann\u00e9e pr\u00e9coce et ensoleill\u00e9e. Un vin \u00e9quilibr\u00e9, frais et pr\u00e9cis, port\u00e9 par des notes de fruits blancs et une belle min\u00e9ralit\u00e9.\" \/>\n<meta property=\"og:url\" content=\"https:\/\/www.champagnepaulmaurice.fr\/en\/product\/champagne-millesime-2020\/\" \/>\n<meta property=\"og:site_name\" content=\"Champagne Paul Maurice\" \/>\n<meta property=\"article:modified_time\" content=\"2025-12-18T16:35:50+00:00\" \/>\n<meta property=\"og:image\" content=\"https:\/\/www.champagnepaulmaurice.fr\/wp-content\/uploads\/2025\/10\/Champagne-Paul-Maurice-Millesime-2020.png\" \/>\n\t<meta property=\"og:image:width\" content=\"1200\" \/>\n\t<meta property=\"og:image:height\" content=\"1200\" \/>\n\t<meta property=\"og:image:type\" content=\"image\/png\" \/>\n<meta name=\"twitter:card\" content=\"summary_large_image\" \/>\n<meta name=\"twitter:label1\" content=\"Estimated reading time\" \/>\n\t<meta name=\"twitter:data1\" content=\"1 minute\" \/>\n<script type=\"application\/ld+json\" class=\"yoast-schema-graph\">{\"@context\":\"https:\\\/\\\/schema.org\",\"@graph\":[{\"@type\":\"WebPage\",\"@id\":\"https:\\\/\\\/www.champagnepaulmaurice.fr\\\/produit\\\/champagne-millesime-2020\\\/\",\"url\":\"https:\\\/\\\/www.champagnepaulmaurice.fr\\\/produit\\\/champagne-millesime-2020\\\/\",\"name\":\"Mill\u00e9sime 2020 - Champagne Paul Maurice\",\"isPartOf\":{\"@id\":\"https:\\\/\\\/www.champagnepaulmaurice.fr\\\/#website\"},\"primaryImageOfPage\":{\"@id\":\"https:\\\/\\\/www.champagnepaulmaurice.fr\\\/produit\\\/champagne-millesime-2020\\\/#primaryimage\"},\"image\":{\"@id\":\"https:\\\/\\\/www.champagnepaulmaurice.fr\\\/produit\\\/champagne-millesime-2020\\\/#primaryimage\"},\"thumbnailUrl\":\"https:\\\/\\\/www.champagnepaulmaurice.fr\\\/wp-content\\\/uploads\\\/2025\\\/10\\\/Champagne-Paul-Maurice-Millesime-2020.png\",\"datePublished\":\"2025-10-20T08:51:34+00:00\",\"dateModified\":\"2025-12-18T16:35:50+00:00\",\"description\":\"Champagne Mill\u00e9sime 2020, n\u00e9 d\u2019une ann\u00e9e pr\u00e9coce et ensoleill\u00e9e. Un vin \u00e9quilibr\u00e9, frais et pr\u00e9cis, port\u00e9 par des notes de fruits blancs et une belle min\u00e9ralit\u00e9.\",\"breadcrumb\":{\"@id\":\"https:\\\/\\\/www.champagnepaulmaurice.fr\\\/produit\\\/champagne-millesime-2020\\\/#breadcrumb\"},\"inLanguage\":\"en-GB\",\"potentialAction\":[{\"@type\":\"ReadAction\",\"target\":[\"https:\\\/\\\/www.champagnepaulmaurice.fr\\\/produit\\\/champagne-millesime-2020\\\/\"]}]},{\"@type\":\"ImageObject\",\"inLanguage\":\"en-GB\",\"@id\":\"https:\\\/\\\/www.champagnepaulmaurice.fr\\\/produit\\\/champagne-millesime-2020\\\/#primaryimage\",\"url\":\"https:\\\/\\\/www.champagnepaulmaurice.fr\\\/wp-content\\\/uploads\\\/2025\\\/10\\\/Champagne-Paul-Maurice-Millesime-2020.png\",\"contentUrl\":\"https:\\\/\\\/www.champagnepaulmaurice.fr\\\/wp-content\\\/uploads\\\/2025\\\/10\\\/Champagne-Paul-Maurice-Millesime-2020.png\",\"width\":1200,\"height\":1200,\"caption\":\"Champagne Mill\u00e9sime 2020 - Champagne Paul Maurice\"},{\"@type\":\"BreadcrumbList\",\"@id\":\"https:\\\/\\\/www.champagnepaulmaurice.fr\\\/produit\\\/champagne-millesime-2020\\\/#breadcrumb\",\"itemListElement\":[{\"@type\":\"ListItem\",\"position\":1,\"name\":\"Accueil\",\"item\":\"https:\\\/\\\/www.champagnepaulmaurice.fr\\\/\"},{\"@type\":\"ListItem\",\"position\":2,\"name\":\"Produits\",\"item\":\"https:\\\/\\\/www.champagnepaulmaurice.fr\\\/boutique\\\/\"},{\"@type\":\"ListItem\",\"position\":3,\"name\":\"Mill\u00e9sime 2020\"}]},{\"@type\":\"WebSite\",\"@id\":\"https:\\\/\\\/www.champagnepaulmaurice.fr\\\/#website\",\"url\":\"https:\\\/\\\/www.champagnepaulmaurice.fr\\\/\",\"name\":\"Champagne Paul Maurice\",\"description\":\"Dans la vall\u00e9e du Surmelin, Andr\u00e9a et Baptiste travaillent les terres de leurs anc\u00e8tres avec rigueur pour vous proposer un Champagne de caract\u00e8re.\",\"publisher\":{\"@id\":\"https:\\\/\\\/www.champagnepaulmaurice.fr\\\/#organization\"},\"potentialAction\":[{\"@type\":\"SearchAction\",\"target\":{\"@type\":\"EntryPoint\",\"urlTemplate\":\"https:\\\/\\\/www.champagnepaulmaurice.fr\\\/?s={search_term_string}\"},\"query-input\":{\"@type\":\"PropertyValueSpecification\",\"valueRequired\":true,\"valueName\":\"search_term_string\"}}],\"inLanguage\":\"en-GB\"},{\"@type\":\"Organization\",\"@id\":\"https:\\\/\\\/www.champagnepaulmaurice.fr\\\/#organization\",\"name\":\"Champagne Paul Maurice\",\"url\":\"https:\\\/\\\/www.champagnepaulmaurice.fr\\\/\",\"logo\":{\"@type\":\"ImageObject\",\"inLanguage\":\"en-GB\",\"@id\":\"https:\\\/\\\/www.champagnepaulmaurice.fr\\\/#\\\/schema\\\/logo\\\/image\\\/\",\"url\":\"https:\\\/\\\/www.champagnepaulmaurice.fr\\\/wp-content\\\/uploads\\\/2025\\\/04\\\/Logo-Paul-Maurice-champagne.png\",\"contentUrl\":\"https:\\\/\\\/www.champagnepaulmaurice.fr\\\/wp-content\\\/uploads\\\/2025\\\/04\\\/Logo-Paul-Maurice-champagne.png\",\"width\":823,\"height\":726,\"caption\":\"Champagne Paul Maurice\"},\"image\":{\"@id\":\"https:\\\/\\\/www.champagnepaulmaurice.fr\\\/#\\\/schema\\\/logo\\\/image\\\/\"}}]}<\/script>\n<!-- \/ Yoast SEO plugin. -->","yoast_head_json":{"title":"Mill\u00e9sime 2020 - Champagne Paul Maurice","description":"Champagne Mill\u00e9sime 2020, n\u00e9 d\u2019une ann\u00e9e pr\u00e9coce et ensoleill\u00e9e. Un vin \u00e9quilibr\u00e9, frais et pr\u00e9cis, port\u00e9 par des notes de fruits blancs et une belle min\u00e9ralit\u00e9.","robots":{"index":"index","follow":"follow","max-snippet":"max-snippet:-1","max-image-preview":"max-image-preview:large","max-video-preview":"max-video-preview:-1"},"canonical":"https:\/\/www.champagnepaulmaurice.fr\/en\/product\/champagne-millesime-2020\/","og_locale":"en_GB","og_type":"article","og_title":"Mill\u00e9sime 2020 - Champagne Paul Maurice","og_description":"Champagne Mill\u00e9sime 2020, n\u00e9 d\u2019une ann\u00e9e pr\u00e9coce et ensoleill\u00e9e. Un vin \u00e9quilibr\u00e9, frais et pr\u00e9cis, port\u00e9 par des notes de fruits blancs et une belle min\u00e9ralit\u00e9.","og_url":"https:\/\/www.champagnepaulmaurice.fr\/en\/product\/champagne-millesime-2020\/","og_site_name":"Champagne Paul Maurice","article_modified_time":"2025-12-18T16:35:50+00:00","og_image":[{"width":1200,"height":1200,"url":"https:\/\/www.champagnepaulmaurice.fr\/wp-content\/uploads\/2025\/10\/Champagne-Paul-Maurice-Millesime-2020.png","type":"image\/png"}],"twitter_card":"summary_large_image","twitter_misc":{"Estimated reading time":"1 minute"},"schema":{"@context":"https:\/\/schema.org","@graph":[{"@type":"WebPage","@id":"https:\/\/www.champagnepaulmaurice.fr\/produit\/champagne-millesime-2020\/","url":"https:\/\/www.champagnepaulmaurice.fr\/produit\/champagne-millesime-2020\/","name":"Mill\u00e9sime 2020 - Champagne Paul Maurice","isPartOf":{"@id":"https:\/\/www.champagnepaulmaurice.fr\/#website"},"primaryImageOfPage":{"@id":"https:\/\/www.champagnepaulmaurice.fr\/produit\/champagne-millesime-2020\/#primaryimage"},"image":{"@id":"https:\/\/www.champagnepaulmaurice.fr\/produit\/champagne-millesime-2020\/#primaryimage"},"thumbnailUrl":"https:\/\/www.champagnepaulmaurice.fr\/wp-content\/uploads\/2025\/10\/Champagne-Paul-Maurice-Millesime-2020.png","datePublished":"2025-10-20T08:51:34+00:00","dateModified":"2025-12-18T16:35:50+00:00","description":"Champagne Mill\u00e9sime 2020, n\u00e9 d\u2019une ann\u00e9e pr\u00e9coce et ensoleill\u00e9e. Un vin \u00e9quilibr\u00e9, frais et pr\u00e9cis, port\u00e9 par des notes de fruits blancs et une belle min\u00e9ralit\u00e9.","breadcrumb":{"@id":"https:\/\/www.champagnepaulmaurice.fr\/produit\/champagne-millesime-2020\/#breadcrumb"},"inLanguage":"en-GB","potentialAction":[{"@type":"ReadAction","target":["https:\/\/www.champagnepaulmaurice.fr\/produit\/champagne-millesime-2020\/"]}]},{"@type":"ImageObject","inLanguage":"en-GB","@id":"https:\/\/www.champagnepaulmaurice.fr\/produit\/champagne-millesime-2020\/#primaryimage","url":"https:\/\/www.champagnepaulmaurice.fr\/wp-content\/uploads\/2025\/10\/Champagne-Paul-Maurice-Millesime-2020.png","contentUrl":"https:\/\/www.champagnepaulmaurice.fr\/wp-content\/uploads\/2025\/10\/Champagne-Paul-Maurice-Millesime-2020.png","width":1200,"height":1200,"caption":"Champagne Mill\u00e9sime 2020 - Champagne Paul Maurice"},{"@type":"BreadcrumbList","@id":"https:\/\/www.champagnepaulmaurice.fr\/produit\/champagne-millesime-2020\/#breadcrumb","itemListElement":[{"@type":"ListItem","position":1,"name":"Accueil","item":"https:\/\/www.champagnepaulmaurice.fr\/"},{"@type":"ListItem","position":2,"name":"Produits","item":"https:\/\/www.champagnepaulmaurice.fr\/boutique\/"},{"@type":"ListItem","position":3,"name":"Mill\u00e9sime 2020"}]},{"@type":"WebSite","@id":"https:\/\/www.champagnepaulmaurice.fr\/#website","url":"https:\/\/www.champagnepaulmaurice.fr\/","name":"Champagne Paul Maurice","description":"Dans la vall\u00e9e du Surmelin, Andr\u00e9a et Baptiste travaillent les terres de leurs anc\u00e8tres avec rigueur pour vous proposer un Champagne de caract\u00e8re.","publisher":{"@id":"https:\/\/www.champagnepaulmaurice.fr\/#organization"},"potentialAction":[{"@type":"SearchAction","target":{"@type":"EntryPoint","urlTemplate":"https:\/\/www.champagnepaulmaurice.fr\/?s={search_term_string}"},"query-input":{"@type":"PropertyValueSpecification","valueRequired":true,"valueName":"search_term_string"}}],"inLanguage":"en-GB"},{"@type":"Organization","@id":"https:\/\/www.champagnepaulmaurice.fr\/#organization","name":"Champagne Paul Maurice","url":"https:\/\/www.champagnepaulmaurice.fr\/","logo":{"@type":"ImageObject","inLanguage":"en-GB","@id":"https:\/\/www.champagnepaulmaurice.fr\/#\/schema\/logo\/image\/","url":"https:\/\/www.champagnepaulmaurice.fr\/wp-content\/uploads\/2025\/04\/Logo-Paul-Maurice-champagne.png","contentUrl":"https:\/\/www.champagnepaulmaurice.fr\/wp-content\/uploads\/2025\/04\/Logo-Paul-Maurice-champagne.png","width":823,"height":726,"caption":"Champagne Paul Maurice"},"image":{"@id":"https:\/\/www.champagnepaulmaurice.fr\/#\/schema\/logo\/image\/"}}]}},"jetpack_sharing_enabled":true,"_links":{"self":[{"href":"https:\/\/www.champagnepaulmaurice.fr\/en\/wp-json\/wp\/v2\/product\/568","targetHints":{"allow":["GET"]}}],"collection":[{"href":"https:\/\/www.champagnepaulmaurice.fr\/en\/wp-json\/wp\/v2\/product"}],"about":[{"href":"https:\/\/www.champagnepaulmaurice.fr\/en\/wp-json\/wp\/v2\/types\/product"}],"wp:featuredmedia":[{"embeddable":true,"href":"https:\/\/www.champagnepaulmaurice.fr\/en\/wp-json\/wp\/v2\/media\/604"}],"wp:attachment":[{"href":"https:\/\/www.champagnepaulmaurice.fr\/en\/wp-json\/wp\/v2\/media?parent=568"}],"wp:term":[{"taxonomy":"product_brand","embeddable":true,"href":"https:\/\/www.champagnepaulmaurice.fr\/en\/wp-json\/wp\/v2\/product_brand?post=568"},{"taxonomy":"product_cat","embeddable":true,"href":"https:\/\/www.champagnepaulmaurice.fr\/en\/wp-json\/wp\/v2\/product_cat?post=568"},{"taxonomy":"product_tag","embeddable":true,"href":"https:\/\/www.champagnepaulmaurice.fr\/en\/wp-json\/wp\/v2\/product_tag?post=568"}],"curies":[{"name":"wp","href":"https:\/\/api.w.org\/{rel}","templated":true}]}}